{"id":98,"date":"2019-02-26T20:57:20","date_gmt":"2019-02-26T19:57:20","guid":{"rendered":"http:\/\/www.westernkilbi.ch\/?page_id=98"},"modified":"2026-03-24T21:33:04","modified_gmt":"2026-03-24T20:33:04","slug":"westerndorf","status":"publish","type":"page","link":"https:\/\/www.westernkilbi.ch\/?page_id=98","title":{"rendered":"Westerndorf"},"content":{"rendered":"\n<div class=\"wp-block-media-text alignwide is-stacked-on-mobile\"><figure class=\"wp-block-media-text__media\"><img loading=\"lazy\" decoding=\"async\" width=\"1024\" height=\"587\" src=\"https:\/\/www.westernkilbi.ch\/wp-content\/uploads\/2025\/07\/Food-Coffee-1-1024x587.png\" alt=\"\" class=\"wp-image-635 size-full\" srcset=\"https:\/\/www.westernkilbi.ch\/wp-content\/uploads\/2025\/07\/Food-Coffee-1-1024x587.png 1024w, https:\/\/www.westernkilbi.ch\/wp-content\/uploads\/2025\/07\/Food-Coffee-1-300x172.png 300w, https:\/\/www.westernkilbi.ch\/wp-content\/uploads\/2025\/07\/Food-Coffee-1-768x440.png 768w, https:\/\/www.westernkilbi.ch\/wp-content\/uploads\/2025\/07\/Food-Coffee-1-1536x880.png 1536w, https:\/\/www.westernkilbi.ch\/wp-content\/uploads\/2025\/07\/Food-Coffee-1-1885x1080.png 1885w, https:\/\/www.westernkilbi.ch\/wp-content\/uploads\/2025\/07\/Food-Coffee-1.png 2000w\" sizes=\"auto, (max-width: 1024px) 100vw, 1024px\" \/><\/figure><div class=\"wp-block-media-text__content\">\n<h3 class=\"wp-block-heading\" id=\"food-coffee\">Food &amp; Coffee<\/h3>\n\n\n\n<p class=\"has-very-dark-gray-color has-text-color\">Im gem\u00fctlichen Beizli werden feine Men\u00fcs, Torten und Kaffee serviert.<\/p>\n\n\n\n<p class=\"has-very-dark-gray-color has-text-color\"><strong>Turnerinnen und Frauengemeinschaft Geiss<\/strong><\/p>\n\n\n\n<p><em>Lokalsponsor: Aregger Patrick Bau<\/em><\/p>\n<\/div><\/div>\n\n\n\n<div class=\"wp-block-media-text alignwide has-media-on-the-right is-stacked-on-mobile\" style=\"grid-template-columns:auto 47%\"><div class=\"wp-block-media-text__content\">\n<h3 class=\"wp-block-heading\" id=\"jail-house\">Jail House<\/h3>\n\n\n\n<p class=\"has-very-dark-gray-color has-text-color\">In der R\u00e4uberh\u00f6hle gibt&#8217;s die neusten Trendgetr\u00e4nke und Musik von Pop bis Rock.<\/p>\n\n\n\n<p class=\"has-very-dark-gray-color has-text-color\"><strong>Musikgesellschaft Geiss<\/strong><\/p>\n\n\n\n<p><em>Lokalsponsor: <\/em>F\u00f6lmli Bedachungen<\/p>\n<\/div><figure class=\"wp-block-media-text__media\"><img loading=\"lazy\" decoding=\"async\" width=\"1024\" height=\"611\" src=\"https:\/\/www.westernkilbi.ch\/wp-content\/uploads\/2025\/07\/Jailhouse-1-1024x611.png\" alt=\"\" class=\"wp-image-634 size-full\" srcset=\"https:\/\/www.westernkilbi.ch\/wp-content\/uploads\/2025\/07\/Jailhouse-1-1024x611.png 1024w, https:\/\/www.westernkilbi.ch\/wp-content\/uploads\/2025\/07\/Jailhouse-1-300x179.png 300w, https:\/\/www.westernkilbi.ch\/wp-content\/uploads\/2025\/07\/Jailhouse-1-768x458.png 768w, https:\/\/www.westernkilbi.ch\/wp-content\/uploads\/2025\/07\/Jailhouse-1-1536x916.png 1536w, https:\/\/www.westernkilbi.ch\/wp-content\/uploads\/2025\/07\/Jailhouse-1-1811x1080.png 1811w, https:\/\/www.westernkilbi.ch\/wp-content\/uploads\/2025\/07\/Jailhouse-1.png 2000w\" sizes=\"auto, (max-width: 1024px) 100vw, 1024px\" \/><\/figure><\/div>\n\n\n\n<div class=\"wp-block-media-text alignwide is-stacked-on-mobile\"><figure class=\"wp-block-media-text__media\"><img loading=\"lazy\" decoding=\"async\" width=\"661\" height=\"379\" src=\"http:\/\/www.westernkilbi.ch\/wp-content\/uploads\/2022\/11\/Saloon-10-x-17.5.jpg\" alt=\"\" class=\"wp-image-462 size-full\" srcset=\"https:\/\/www.westernkilbi.ch\/wp-content\/uploads\/2022\/11\/Saloon-10-x-17.5.jpg 661w, https:\/\/www.westernkilbi.ch\/wp-content\/uploads\/2022\/11\/Saloon-10-x-17.5-300x172.jpg 300w\" sizes=\"auto, (max-width: 661px) 100vw, 661px\" \/><\/figure><div class=\"wp-block-media-text__content\">\n<h3 class=\"wp-block-heading\" id=\"western-bar\">Saloon<\/h3>\n\n\n\n<p class=\"has-very-dark-gray-color has-text-color\">Im schmucken Saloon werden neben dem bekannten Westernspiess mit Country Cuts auch Steak, Burger und vieles mehr serviert.<\/p>\n\n\n\n<p class=\"has-very-dark-gray-color has-text-color\"><strong>Turnverein Geiss<\/strong><\/p>\n\n\n\n<p><em>Lokalsponsor: Meier Getr\u00e4nke<\/em><\/p>\n<\/div><\/div>\n\n\n\n<div class=\"wp-block-media-text alignwide has-media-on-the-right is-stacked-on-mobile\" style=\"grid-template-columns:auto 47%\"><div class=\"wp-block-media-text__content\">\n<h3 class=\"wp-block-heading\" id=\"pueblos\">Pueblos<\/h3>\n\n\n\n<p class=\"has-very-dark-gray-color has-text-color\">Die imposante Windm\u00fchle ist nicht nur als sch\u00f6nes Fotosujet, sondern auch f\u00fcr feines Bier im Offenausschank bekannt.<\/p>\n\n\n\n<p class=\"has-very-dark-gray-color has-text-color\"><strong>Turnverein Geiss<\/strong><\/p>\n\n\n\n<p><em>Lokalsponsor: AIO Solar AG<\/em><\/p>\n<\/div><figure class=\"wp-block-media-text__media\"><img loading=\"lazy\" decoding=\"async\" width=\"1024\" height=\"511\" src=\"https:\/\/www.westernkilbi.ch\/wp-content\/uploads\/2025\/07\/Pueblos-1-1024x511.png\" alt=\"\" class=\"wp-image-637 size-full\" srcset=\"https:\/\/www.westernkilbi.ch\/wp-content\/uploads\/2025\/07\/Pueblos-1-1024x511.png 1024w, https:\/\/www.westernkilbi.ch\/wp-content\/uploads\/2025\/07\/Pueblos-1-300x150.png 300w, https:\/\/www.westernkilbi.ch\/wp-content\/uploads\/2025\/07\/Pueblos-1-768x383.png 768w, https:\/\/www.westernkilbi.ch\/wp-content\/uploads\/2025\/07\/Pueblos-1.png 1500w\" sizes=\"auto, (max-width: 1024px) 100vw, 1024px\" \/><\/figure><\/div>\n","protected":false},"excerpt":{"rendered":"<p>Food &amp; Coffee Im gem\u00fctlichen Beizli werden feine Men\u00fcs, Torten und Kaffee serviert. Turnerinnen und Frauengemeinschaft Geiss Lokalsponsor: Aregger Patrick Bau Jail House In der R\u00e4uberh\u00f6hle gibt&#8217;s die neusten Trendgetr\u00e4nke und Musik von Pop bis Rock. Musikgesellschaft Geiss Lokalsponsor: F\u00f6lmli Bedachungen Saloon Im schmucken Saloon werden neben dem bekannten Westernspiess mit Country Cuts auch Steak,&hellip; <br \/> <a class=\"read-more\" href=\"https:\/\/www.westernkilbi.ch\/?page_id=98\">Weiterlesen<\/a><\/p>\n","protected":false},"author":2,"featured_media":0,"parent":0,"menu_order":0,"comment_status":"closed","ping_status":"closed","template":"page-templates\/page-with-right-sidebar.php","meta":{"footnotes":""},"class_list":["post-98","page","type-page","status-publish","hentry"],"_links":{"self":[{"href":"https:\/\/www.westernkilbi.ch\/index.php?rest_route=\/wp\/v2\/pages\/98","targetHints":{"allow":["GET"]}}],"collection":[{"href":"https:\/\/www.westernkilbi.ch\/index.php?rest_route=\/wp\/v2\/pages"}],"about":[{"href":"https:\/\/www.westernkilbi.ch\/index.php?rest_route=\/wp\/v2\/types\/page"}],"author":[{"embeddable":true,"href":"https:\/\/www.westernkilbi.ch\/index.php?rest_route=\/wp\/v2\/users\/2"}],"replies":[{"embeddable":true,"href":"https:\/\/www.westernkilbi.ch\/index.php?rest_route=%2Fwp%2Fv2%2Fcomments&post=98"}],"version-history":[{"count":24,"href":"https:\/\/www.westernkilbi.ch\/index.php?rest_route=\/wp\/v2\/pages\/98\/revisions"}],"predecessor-version":[{"id":663,"href":"https:\/\/www.westernkilbi.ch\/index.php?rest_route=\/wp\/v2\/pages\/98\/revisions\/663"}],"wp:attachment":[{"href":"https:\/\/www.westernkilbi.ch\/index.php?rest_route=%2Fwp%2Fv2%2Fmedia&parent=98"}],"curies":[{"name":"wp","href":"https:\/\/api.w.org\/{rel}","templated":true}]}}