{"id":106,"date":"2019-02-26T20:59:33","date_gmt":"2019-02-26T19:59:33","guid":{"rendered":"http:\/\/www.westernkilbi.ch\/?page_id=106"},"modified":"2025-07-06T08:24:36","modified_gmt":"2025-07-06T06:24:36","slug":"anreise","status":"publish","type":"page","link":"http:\/\/www.westernkilbi.ch\/?page_id=106","title":{"rendered":"Anreise"},"content":{"rendered":"\n<p class=\"has-black-color has-text-color\">Die Westernkilbi findet auf dem Schulhausareal in Geiss statt. Geiss ist von Willisau, Sursee und Entlebuch in rund 15 Autominuten erreichbar.<\/p>\n\n\n\n<h3 class=\"wp-block-heading\">Anreise mit Auto<\/h3>\n\n\n\n<p class=\"has-very-dark-gray-color has-text-color\">Die Anfahrt ist sowohl via Menznau, Buttisholz als auch via Buholz nach Geiss m\u00f6glich. Unsere Parkeinweiser machen auf die Parkpl\u00e4tze aufmerksam.<\/p>\n\n\n\n<h3 class=\"wp-block-heading\">Anreise mit \u00d6V<\/h3>\n\n\n\n<p class=\"has-very-dark-gray-color has-text-color\">Das Nachbardorf Menznau ist mit dem Zug von Willisau\/Huttwil sowie Wolhusen\/Entlebuch\/Luzern gut erschlossen. Nutze die Mitfahrbank am Bahnhof Menznau und in Geiss oder spaziere via Sonnhalde\/Schlatt in ca. 30 Min zum Festgel\u00e4nde.  Aus der Richtung Buttisholz\/Ruswil\/Sursee, h\u00e4lt der Bus an der Haltestelle &#8222;Buttisholz, Stalten&#8220; (anschliessender Fussmarsch von ca. 45 Min.).<\/p>\n\n\n\n<p><a href=\"https:\/\/www.google.ch\/maps\/place\/6123+Geiss\/@47.0905417,7.9857254,16879m\/data=!3m1!1e3!4m5!3m4!1s0x478fde0962be377b:0x445e16ae75b0256e!8m2!3d47.090548!4d8.055841\">Geiss auf Google Maps<\/a><\/p>\n\n\n\n<figure class=\"wp-block-image\"><img loading=\"lazy\" decoding=\"async\" width=\"678\" height=\"505\" src=\"http:\/\/www.westernkilbi.ch\/wp-content\/uploads\/2019\/03\/Geiss.jpg\" alt=\"\" class=\"wp-image-137\" srcset=\"http:\/\/www.westernkilbi.ch\/wp-content\/uploads\/2019\/03\/Geiss.jpg 678w, http:\/\/www.westernkilbi.ch\/wp-content\/uploads\/2019\/03\/Geiss-300x223.jpg 300w\" sizes=\"auto, (max-width: 678px) 100vw, 678px\" \/><\/figure>\n","protected":false},"excerpt":{"rendered":"<p>Die Westernkilbi findet auf dem Schulhausareal in Geiss statt. Geiss ist von Willisau, Sursee und Entlebuch in rund 15 Autominuten erreichbar. Anreise mit Auto Die Anfahrt ist sowohl via Menznau, Buttisholz als auch via Buholz nach Geiss m\u00f6glich. Unsere Parkeinweiser machen auf die Parkpl\u00e4tze aufmerksam. Anreise mit \u00d6V Das Nachbardorf Menznau ist mit dem Zug&hellip; <br \/> <a class=\"read-more\" href=\"http:\/\/www.westernkilbi.ch\/?page_id=106\">Weiterlesen<\/a><\/p>\n","protected":false},"author":2,"featured_media":0,"parent":0,"menu_order":0,"comment_status":"closed","ping_status":"closed","template":"","meta":{"footnotes":""},"class_list":["post-106","page","type-page","status-publish","hentry"],"_links":{"self":[{"href":"http:\/\/www.westernkilbi.ch\/index.php?rest_route=\/wp\/v2\/pages\/106","targetHints":{"allow":["GET"]}}],"collection":[{"href":"http:\/\/www.westernkilbi.ch\/index.php?rest_route=\/wp\/v2\/pages"}],"about":[{"href":"http:\/\/www.westernkilbi.ch\/index.php?rest_route=\/wp\/v2\/types\/page"}],"author":[{"embeddable":true,"href":"http:\/\/www.westernkilbi.ch\/index.php?rest_route=\/wp\/v2\/users\/2"}],"replies":[{"embeddable":true,"href":"http:\/\/www.westernkilbi.ch\/index.php?rest_route=%2Fwp%2Fv2%2Fcomments&post=106"}],"version-history":[{"count":10,"href":"http:\/\/www.westernkilbi.ch\/index.php?rest_route=\/wp\/v2\/pages\/106\/revisions"}],"predecessor-version":[{"id":615,"href":"http:\/\/www.westernkilbi.ch\/index.php?rest_route=\/wp\/v2\/pages\/106\/revisions\/615"}],"wp:attachment":[{"href":"http:\/\/www.westernkilbi.ch\/index.php?rest_route=%2Fwp%2Fv2%2Fmedia&parent=106"}],"curies":[{"name":"wp","href":"https:\/\/api.w.org\/{rel}","templated":true}]}}